{"id":41,"date":"2025-11-01T10:49:48","date_gmt":"2025-11-01T10:49:48","guid":{"rendered":"https:\/\/siite.dk\/contact\/"},"modified":"2026-01-27T16:27:03","modified_gmt":"2026-01-27T15:27:03","slug":"contact","status":"publish","type":"page","link":"https:\/\/siite.dk\/en\/kontakt\/","title":{"rendered":"Contact us"},"content":{"rendered":"<div data-elementor-type=\"wp-page\" data-elementor-id=\"41\" class=\"elementor elementor-41\" data-elementor-post-type=\"page\">\n\t\t\t\t<div class=\"elementor-element elementor-element-eaf822c e-con-full e-flex e-con e-parent\" data-id=\"eaf822c\" data-element_type=\"container\" data-e-type=\"container\">\n\t\t<div class=\"elementor-element elementor-element-e4e6a2b animated-slow e-flex e-con-boxed elementor-invisible e-con e-child\" data-id=\"e4e6a2b\" data-element_type=\"container\" data-e-type=\"container\" data-settings=\"{&quot;background_background&quot;:&quot;classic&quot;,&quot;animation_delay&quot;:&quot;120&quot;,&quot;animation&quot;:&quot;fadeIn&quot;}\">\n\t\t\t\t\t<div class=\"e-con-inner\">\n\t\t<div class=\"elementor-element elementor-element-4cc8fa8 e-con-full e-flex e-con e-child\" data-id=\"4cc8fa8\" data-element_type=\"container\" data-e-type=\"container\" data-settings=\"{&quot;background_background&quot;:&quot;classic&quot;}\">\n\t\t\t\t<div class=\"elementor-element elementor-element-ae0b878 elementor-widget__width-initial elementor-widget-mobile__width-inherit elementor-invisible elementor-widget elementor-widget-heading\" data-id=\"ae0b878\" data-element_type=\"widget\" data-e-type=\"widget\" data-settings=\"{&quot;_animation_delay&quot;:1360,&quot;_animation&quot;:&quot;fadeInUp&quot;}\" data-widget_type=\"heading.default\">\n\t\t\t\t\t<h1 class=\"elementor-heading-title elementor-size-default\">Want us to grow your business?<\/h1>\t\t\t\t<\/div>\n\t\t\t\t<div class=\"elementor-element elementor-element-a6a7645 elementor-invisible elementor-widget elementor-widget-text-editor\" data-id=\"a6a7645\" data-element_type=\"widget\" data-e-type=\"widget\" data-settings=\"{&quot;_animation_delay&quot;:1560,&quot;_animation&quot;:&quot;fadeInUp&quot;}\" data-widget_type=\"text-editor.default\">\n\t\t\t\t\t\t\t\t\t<p>Are you thinking about a new website or do you want to know how we can get you more customers via Google? Let's have a non-committal chat about your options.<\/p>\t\t\t\t\t\t\t\t<\/div>\n\t\t\t\t<div class=\"elementor-element elementor-element-4009f08 elementor-widget__width-auto elementor-widget-tablet__width-auto elementor-widget-mobile__width-inherit elementor-icon-list--layout-traditional elementor-list-item-link-full_width elementor-invisible elementor-widget elementor-widget-icon-list\" data-id=\"4009f08\" data-element_type=\"widget\" data-e-type=\"widget\" data-settings=\"{&quot;_animation_delay&quot;:1760,&quot;_animation&quot;:&quot;fadeInUp&quot;}\" data-widget_type=\"icon-list.default\">\n\t\t\t\t\t\t\t<ul class=\"elementor-icon-list-items\">\n\t\t\t\t\t\t\t<li class=\"elementor-icon-list-item\">\n\t\t\t\t\t\t\t\t\t\t\t<a href=\"tel:25818106\">\n\n\t\t\t\t\t\t\t\t\t\t\t\t<span class=\"elementor-icon-list-icon\">\n\t\t\t\t\t\t\t<i aria-hidden=\"true\" class=\"lu lu-phone-call\"><\/i>\t\t\t\t\t\t<\/span>\n\t\t\t\t\t\t\t\t\t\t<span class=\"elementor-icon-list-text\">25 81 81 06<\/span>\n\t\t\t\t\t\t\t\t\t\t\t<\/a>\n\t\t\t\t\t\t\t\t\t<\/li>\n\t\t\t\t\t\t\t\t<li class=\"elementor-icon-list-item\">\n\t\t\t\t\t\t\t\t\t\t\t<a href=\"mailto:kontakt@siite.dk\">\n\n\t\t\t\t\t\t\t\t\t\t\t\t<span class=\"elementor-icon-list-icon\">\n\t\t\t\t\t\t\t<i aria-hidden=\"true\" class=\"lu lu-mail\"><\/i>\t\t\t\t\t\t<\/span>\n\t\t\t\t\t\t\t\t\t\t<span class=\"elementor-icon-list-text\">kontakt@siite.dk<\/span>\n\t\t\t\t\t\t\t\t\t\t\t<\/a>\n\t\t\t\t\t\t\t\t\t<\/li>\n\t\t\t\t\t\t\t\t<li class=\"elementor-icon-list-item\">\n\t\t\t\t\t\t\t\t\t\t\t<a href=\"https:\/\/share.google\/e8h1zWgEKnWnARZQ5\">\n\n\t\t\t\t\t\t\t\t\t\t\t\t<span class=\"elementor-icon-list-icon\">\n\t\t\t\t\t\t\t<i aria-hidden=\"true\" class=\"lu lu-map-pin\"><\/i>\t\t\t\t\t\t<\/span>\n\t\t\t\t\t\t\t\t\t\t<span class=\"elementor-icon-list-text\">Scale House, N\u00e5lemagervej 1, 9000 Aalborg<\/span>\n\t\t\t\t\t\t\t\t\t\t\t<\/a>\n\t\t\t\t\t\t\t\t\t<\/li>\n\t\t\t\t\t\t<\/ul>\n\t\t\t\t\t\t<\/div>\n\t\t\t\t<\/div>\n\t\t<div class=\"elementor-element elementor-element-0f85603 e-con-full e-flex e-con e-child\" data-id=\"0f85603\" data-element_type=\"container\" data-e-type=\"container\" data-settings=\"{&quot;background_background&quot;:&quot;classic&quot;}\">\n\t\t<div class=\"elementor-element elementor-element-77d6aef e-con-full e-flex elementor-invisible e-con e-child\" data-id=\"77d6aef\" data-element_type=\"container\" data-e-type=\"container\" data-settings=\"{&quot;background_background&quot;:&quot;classic&quot;,&quot;animation_delay&quot;:1960,&quot;animation&quot;:&quot;fadeInUp&quot;}\">\n\t\t\t\t<div class=\"elementor-element elementor-element-c422e4e elementor-widget elementor-widget-shortcode\" data-id=\"c422e4e\" data-element_type=\"widget\" data-e-type=\"widget\" data-widget_type=\"shortcode.default\">\n\t\t\t\t\t\t\t<div class=\"elementor-shortcode\"><form id=\"forminator-module-883\" class=\"forminator-custom-form forminator-custom-form-883\" method=\"post\" data-forminator-render=\"0\" data-uid=\"69cff8ff742c9\" action=\"\"><div role=\"alert\" aria-live=\"polite\" class=\"forminator-response-message forminator-error\" aria-hidden=\"true\"><\/div><input\n                    class=\"apbct_special_field apbct_email_id__elementor_form\"\n                    name=\"apbct__email_id__elementor_form\"\n                    aria-label=\"apbct__label_id__elementor_form\"\n                    type=\"text\" size=\"30\" maxlength=\"200\" autocomplete=\"off\"\n                    value=\"\"\n                \/><input type=\"hidden\" name=\"trp-form-language\" value=\"en\"\/><\/form><\/div>\n\t\t\t\t\t\t<\/div>\n\t\t\t\t<div class=\"elementor-element elementor-element-0b80380 elementor-widget elementor-widget-template\" data-id=\"0b80380\" data-element_type=\"widget\" data-e-type=\"widget\" data-widget_type=\"template.default\">\n\t\t\t\t<div class=\"elementor-widget-container\">\n\t\t\t\t\t\t\t<div class=\"elementor-template\">\n\t\t\t\t\t<div data-elementor-type=\"section\" data-elementor-id=\"5097\" class=\"elementor elementor-5097\" data-elementor-post-type=\"elementor_library\">\n\t\t\t<div class=\"elementor-element elementor-element-7dddd4e e-flex e-con-boxed e-con e-parent\" data-id=\"7dddd4e\" data-element_type=\"container\" data-e-type=\"container\" data-no-translation=\"\">\n\t\t\t\t\t<div class=\"e-con-inner\">\n\t\t\t\t<div class=\"elementor-element elementor-element-f924337 elementor-widget__width-auto elementor-widget elementor-widget-html\" data-id=\"f924337\" data-element_type=\"widget\" data-e-type=\"widget\" data-widget_type=\"html.default\">\n\t\t\t\t\t<style>\n\/* Scoped styles using the mandatory cx- prefix *\/\n.cx-status-wrapper {\n    display: flex;\n    align-items: center;\n    justify-content: center;\n    gap: 12px;\n    font-family: inherit;\n    font-size: 14px;\n    line-height: 1.4;\n    color: #09070A;\n    width: 100%;\n    margin: 0 auto;\n}\n\n\/* Status Dot with Animated Pulse *\/\n.cx-status-dot {\n    width: 10px;\n    height: 10px;\n    border-radius: 50%;\n    display: block;\n    flex-shrink: 0;\n    background-color: #28a745;\n    box-shadow: 0 0 0 0 rgba(40, 167, 69, 0.7);\n    animation: cx-pulse-green 2s infinite;\n}\n\n.cx-status-text {\n    font-weight: 500;\n}\n\n\/* Pulse Animation Logic *\/\n@keyframes cx-pulse-green {\n    0% {\n        transform: scale(0.95);\n        box-shadow: 0 0 0 0 rgba(40, 167, 69, 0.7);\n    }\n    70% {\n        transform: scale(1);\n        box-shadow: 0 0 0 6px rgba(40, 167, 69, 0);\n    }\n    100% {\n        transform: scale(0.95);\n        box-shadow: 0 0 0 0 rgba(40, 167, 69, 0);\n    }\n}\n<\/style>\n\n<div class=\"cx-status-wrapper\">\n    <span class=\"cx-status-dot\"><\/span>\n    <span id=\"cx-status-message\" class=\"cx-status-text\">Loading status...<\/span>\n<\/div>\n\n<script>\n(function() {\n    \/**\n     * CONFIGURATION\n     * Business hours: Mon-Fri 07:30 - 16:00 (Denmark Time)\n     *\/\n    const config = {\n        timezone: 'Europe\/Copenhagen',\n        openHour: 7,\n        openMin: 30,\n        closeHour: 16,\n        closeMin: 0\n    };\n\n    const displayEl = document.getElementById('cx-status-message');\n\n    function refreshStatus() {\n        \/\/ Current time localized to the specified timezone\n        const now = new Date();\n        const localTimeStr = now.toLocaleString(\"en-US\", { timeZone: config.timezone });\n        const localDate = new Date(localTimeStr);\n        \n        const day = localDate.getDay(); \/\/ 0 (Sun) to 6 (Sat)\n        const hour = localDate.getHours();\n        const mins = localDate.getMinutes();\n\n        const currentTotalMins = (hour * 60) + mins;\n        const openTotalMins = (config.openHour * 60) + config.openMin;\n        const closeTotalMins = (config.closeHour * 60) + config.closeMin;\n\n        const isWeekend = (day === 0 || day === 6);\n        const isFriday = (day === 5);\n        const isWeekday = (day >= 1 && day <= 5);\n        const isInOpenHours = isWeekday && (currentTotalMins >= openTotalMins && currentTotalMins < closeTotalMins);\n\n        \/\/ State-based message translation\n        if (isInOpenHours) {\n            displayEl.innerText = \"We typically respond within 18 minutes\";\n        } else {\n            if (isWeekend || (isFriday && currentTotalMins >= closeTotalMins)) {\n                displayEl.innerText = \"We'll be back on Monday before 9:00 AM\";\n            } else if (isWeekday && currentTotalMins < openTotalMins) {\n                displayEl.innerText = \"We'll be back today before 9:00 AM\";\n            } else {\n                displayEl.innerText = \"We'll be back tomorrow before 9:00 AM\";\n            }\n        }\n    }\n\n    refreshStatus();\n    \/\/ Run every 60 seconds to catch the transition between open\/closed hours\n    setInterval(refreshStatus, 60000);\n})();\n<\/script>\t\t\t\t<\/div>\n\t\t\t\t\t<\/div>\n\t\t\t\t<\/div>\n\t\t\t\t<\/div>\n\t\t\t\t<\/div>\n\t\t\t\t\t\t<\/div>\n\t\t\t\t<\/div>\n\t\t\t\t<\/div>\n\t\t\t\t<\/div>\n\t\t\t\t\t<\/div>\n\t\t\t\t<\/div>\n\t\t\t\t<\/div>\n\t\t<div class=\"elementor-element elementor-element-6eed103 e-grid e-con-boxed elementor-invisible e-con e-parent\" data-id=\"6eed103\" data-element_type=\"container\" data-e-type=\"container\" data-settings=\"{&quot;animation_delay&quot;:2160,&quot;animation&quot;:&quot;fadeInUp&quot;}\">\n\t\t\t\t\t<div class=\"e-con-inner\">\n\t\t<div class=\"elementor-element elementor-element-3389caa e-con-full e-flex e-con e-child\" data-id=\"3389caa\" data-element_type=\"container\" data-e-type=\"container\" data-settings=\"{&quot;background_background&quot;:&quot;classic&quot;}\">\n\t\t\t\t<div class=\"elementor-element elementor-element-40e3641 elementor-widget elementor-widget-heading\" data-id=\"40e3641\" data-element_type=\"widget\" data-e-type=\"widget\" data-widget_type=\"heading.default\">\n\t\t\t\t\t<h4 class=\"elementor-heading-title elementor-size-default\">Siite Support Vidensbasen<\/h4>\t\t\t\t<\/div>\n\t\t\t\t<div class=\"elementor-element elementor-element-0a8dfca elementor-widget elementor-widget-text-editor\" data-id=\"0a8dfca\" data-element_type=\"widget\" data-e-type=\"widget\" data-widget_type=\"text-editor.default\">\n\t\t\t\t\t\t\t\t\t<p>Here you'll find guides, video tutorials and answers to the most frequently asked questions about your website and email setup.<\/p>\t\t\t\t\t\t\t\t<\/div>\n\t\t\t\t<div class=\"elementor-element elementor-element-fd8a466 elementor-widget elementor-widget-button\" data-id=\"fd8a466\" data-element_type=\"widget\" data-e-type=\"widget\" data-widget_type=\"button.default\">\n\t\t\t\t\t\t\t\t\t\t<a class=\"elementor-button elementor-button-link elementor-size-sm\" href=\"https:\/\/vidensbasen.siite.dk\/\">\n\t\t\t\t\t\t<span class=\"elementor-button-content-wrapper\">\n\t\t\t\t\t\t\t\t\t<span class=\"elementor-button-text\">Go to the knowledge base<\/span>\n\t\t\t\t\t<\/span>\n\t\t\t\t\t<\/a>\n\t\t\t\t\t\t\t\t<\/div>\n\t\t\t\t<\/div>\n\t\t<div class=\"elementor-element elementor-element-cd913bf e-con-full e-flex e-con e-child\" data-id=\"cd913bf\" data-element_type=\"container\" data-e-type=\"container\" data-settings=\"{&quot;background_background&quot;:&quot;classic&quot;}\">\n\t\t\t\t<div class=\"elementor-element elementor-element-d27b715 elementor-widget elementor-widget-heading\" data-id=\"d27b715\" data-element_type=\"widget\" data-e-type=\"widget\" data-widget_type=\"heading.default\">\n\t\t\t\t\t<h4 class=\"elementor-heading-title elementor-size-default\">Send files to us\n<\/h4>\t\t\t\t<\/div>\n\t\t\t\t<div class=\"elementor-element elementor-element-9ca2a13 elementor-widget elementor-widget-text-editor\" data-id=\"9ca2a13\" data-element_type=\"widget\" data-e-type=\"widget\" data-widget_type=\"text-editor.default\">\n\t\t\t\t\t\t\t\t\t<p>Need to send large image files or video to your website? Use our secure upload feature and we'll receive the material directly in the right quality.<\/p>\t\t\t\t\t\t\t\t<\/div>\n\t\t\t\t<div class=\"elementor-element elementor-element-52a596f elementor-widget elementor-widget-button\" data-id=\"52a596f\" data-element_type=\"widget\" data-e-type=\"widget\" data-widget_type=\"button.default\">\n\t\t\t\t\t\t\t\t\t\t<a class=\"elementor-button elementor-button-link elementor-size-sm\" href=\"https:\/\/siite.dk\/en\/overfeeding\/\">\n\t\t\t\t\t\t<span class=\"elementor-button-content-wrapper\">\n\t\t\t\t\t\t\t\t\t<span class=\"elementor-button-text\">Upload material here<\/span>\n\t\t\t\t\t<\/span>\n\t\t\t\t\t<\/a>\n\t\t\t\t\t\t\t\t<\/div>\n\t\t\t\t<\/div>\n\t\t<div class=\"elementor-element elementor-element-aaf6d8e e-con-full e-flex e-con e-child\" data-id=\"aaf6d8e\" data-element_type=\"container\" data-e-type=\"container\" data-settings=\"{&quot;background_background&quot;:&quot;classic&quot;}\">\n\t\t\t\t<div class=\"elementor-element elementor-element-2d2b089 elementor-widget elementor-widget-heading\" data-id=\"2d2b089\" data-element_type=\"widget\" data-e-type=\"widget\" data-widget_type=\"heading.default\">\n\t\t\t\t\t<h4 class=\"elementor-heading-title elementor-size-default\">Remote support<\/h4>\t\t\t\t<\/div>\n\t\t\t\t<div class=\"elementor-element elementor-element-69937a3 elementor-widget elementor-widget-text-editor\" data-id=\"69937a3\" data-element_type=\"widget\" data-e-type=\"widget\" data-widget_type=\"text-editor.default\">\n\t\t\t\t\t\t\t\t\t<p>Do you need us to help you set up your email or do you need us to watch your screen? We use AnyDesk to provide fast remote support directly on your computer so we can solve the problem for you right away.<\/p>\t\t\t\t\t\t\t\t<\/div>\n\t\t\t\t<div class=\"elementor-element elementor-element-3225dde elementor-widget elementor-widget-button\" data-id=\"3225dde\" data-element_type=\"widget\" data-e-type=\"widget\" data-widget_type=\"button.default\">\n\t\t\t\t\t\t\t\t\t\t<a class=\"elementor-button elementor-button-link elementor-size-sm\" href=\"https:\/\/anydesk.com\/en\/downloads\/\">\n\t\t\t\t\t\t<span class=\"elementor-button-content-wrapper\">\n\t\t\t\t\t\t\t\t\t<span class=\"elementor-button-text\">Download AnyDesk<\/span>\n\t\t\t\t\t<\/span>\n\t\t\t\t\t<\/a>\n\t\t\t\t\t\t\t\t<\/div>\n\t\t\t\t<\/div>\n\t\t<div class=\"elementor-element elementor-element-aa05145 e-con-full e-flex e-con e-child\" data-id=\"aa05145\" data-element_type=\"container\" data-e-type=\"container\" data-settings=\"{&quot;background_background&quot;:&quot;classic&quot;}\">\n\t\t\t\t<div class=\"elementor-element elementor-element-f7184cd elementor-widget elementor-widget-heading\" data-id=\"f7184cd\" data-element_type=\"widget\" data-e-type=\"widget\" data-widget_type=\"heading.default\">\n\t\t\t\t\t<h4 class=\"elementor-heading-title elementor-size-default\">Find your way to our office<\/h4>\t\t\t\t<\/div>\n\t\t\t\t<div class=\"elementor-element elementor-element-f02c24b elementor-widget elementor-widget-text-editor\" data-id=\"f02c24b\" data-element_type=\"widget\" data-e-type=\"widget\" data-widget_type=\"text-editor.default\">\n\t\t\t\t\t\t\t\t\t<p>Do you have a meeting booked at our office? It's easy to find us at Scale House.<\/p>\t\t\t\t\t\t\t\t<\/div>\n\t\t\t\t<div class=\"elementor-element elementor-element-39997a1 elementor-widget elementor-widget-google_maps\" data-id=\"39997a1\" data-element_type=\"widget\" data-e-type=\"widget\" data-widget_type=\"google_maps.default\">\n\t\t\t\t\t\t\t<div class=\"elementor-custom-embed\">\n\t\t\t<iframe loading=\"lazy\"\n\t\t\t\t\tsrc=\"https:\/\/maps.google.com\/maps?q=Siite%2C%20Nalemagervej%201%2C%209000%20Aalborg&#038;t=m&#038;z=10&#038;output=embed&#038;iwloc=near\"\n\t\t\t\t\ttitle=\"Siite, Nalemagervej 1, 9000 Aalborg\"\n\t\t\t\t\taria-label=\"Siite, Nalemagervej 1, 9000 Aalborg\"\n\t\t\t><\/iframe>\n\t\t<\/div>\n\t\t\t\t\t\t<\/div>\n\t\t\t\t<\/div>\n\t\t\t\t\t<\/div>\n\t\t\t\t<\/div>\n\t\t\t\t<\/div>","protected":false},"excerpt":{"rendered":"<p>Skal vi v\u00e6kste din forretning? G\u00e5r du med tanker om en ny hjemmeside, eller vil du h\u00f8re, hvordan vi kan skaffe dig [&hellip;]<\/p>\n","protected":false},"author":1,"featured_media":0,"parent":0,"menu_order":0,"comment_status":"closed","ping_status":"closed","template":"","meta":{"_acf_changed":false,"_seopress_robots_primary_cat":"","_seopress_titles_title":"Hjemmesider, Google-markedsf\u00f8ring og support i Aalborg","_seopress_titles_desc":"F\u00e5 flere kunder med ny hjemmeside og Google-markedsf\u00f8ring. Kontakt Siite i Aalborg for support, guides, upload og hurtig fjernsupport.","_seopress_robots_index":"","footnotes":""},"class_list":["post-41","page","type-page","status-publish","hentry"],"acf":[],"_links":{"self":[{"href":"https:\/\/siite.dk\/en\/wp-json\/wp\/v2\/pages\/41","targetHints":{"allow":["GET"]}}],"collection":[{"href":"https:\/\/siite.dk\/en\/wp-json\/wp\/v2\/pages"}],"about":[{"href":"https:\/\/siite.dk\/en\/wp-json\/wp\/v2\/types\/page"}],"author":[{"embeddable":true,"href":"https:\/\/siite.dk\/en\/wp-json\/wp\/v2\/users\/1"}],"replies":[{"embeddable":true,"href":"https:\/\/siite.dk\/en\/wp-json\/wp\/v2\/comments?post=41"}],"version-history":[{"count":27,"href":"https:\/\/siite.dk\/en\/wp-json\/wp\/v2\/pages\/41\/revisions"}],"predecessor-version":[{"id":5102,"href":"https:\/\/siite.dk\/en\/wp-json\/wp\/v2\/pages\/41\/revisions\/5102"}],"wp:attachment":[{"href":"https:\/\/siite.dk\/en\/wp-json\/wp\/v2\/media?parent=41"}],"curies":[{"name":"wp","href":"https:\/\/api.w.org\/{rel}","templated":true}]}}